{"id":1259,"date":"2017-10-26T14:36:06","date_gmt":"2017-10-26T12:36:06","guid":{"rendered":"https:\/\/www.fernetbranca.com\/?page_id=1259"},"modified":"2023-04-27T17:40:11","modified_gmt":"2023-04-27T15:40:11","slug":"das-geheimrezept","status":"publish","type":"page","link":"https:\/\/www.fernetbranca.com\/de\/das-geheimrezept","title":{"rendered":"DAS GEHEIMREZEPT"},"content":{"rendered":"<p>Farben, D\u00fcfte, Aromen und&#8230; Magie! Das Fernet-Branca Rezept ist eine besondere Reise durch die 27 Kr\u00e4uter, Wurzeln und Gew\u00fcrze seiner besonderen, geheimen und unnachahmlichen Rezeptur.<\/p>\n<p>Jedes Kraut ein Universum, ein Erlebnis, eine Entdeckung.<\/p>\n","protected":false},"excerpt":{"rendered":"<p>Farben, D\u00fcfte, Aromen und&#8230; Magie! Das Fernet-Branca Rezept ist eine besondere Reise durch die 27 Kr\u00e4uter, Wurzeln und Gew\u00fcrze seiner besonderen, geheimen und unnachahmlichen Rezeptur. Jedes Kraut ein Universum, ein Erlebnis, eine Entdeckung.<\/p>\n","protected":false},"author":1,"featured_media":0,"parent":0,"menu_order":0,"comment_status":"closed","ping_status":"closed","template":"page-templates\/secret_recipe.php","meta":{"_acf_changed":false,"inline_featured_image":false,"footnotes":""},"class_list":["post-1259","page","type-page","status-publish","hentry"],"acf":[],"_links":{"self":[{"href":"https:\/\/www.fernetbranca.com\/de\/wp-json\/wp\/v2\/pages\/1259","targetHints":{"allow":["GET"]}}],"collection":[{"href":"https:\/\/www.fernetbranca.com\/de\/wp-json\/wp\/v2\/pages"}],"about":[{"href":"https:\/\/www.fernetbranca.com\/de\/wp-json\/wp\/v2\/types\/page"}],"author":[{"embeddable":true,"href":"https:\/\/www.fernetbranca.com\/de\/wp-json\/wp\/v2\/users\/1"}],"replies":[{"embeddable":true,"href":"https:\/\/www.fernetbranca.com\/de\/wp-json\/wp\/v2\/comments?post=1259"}],"version-history":[{"count":5,"href":"https:\/\/www.fernetbranca.com\/de\/wp-json\/wp\/v2\/pages\/1259\/revisions"}],"predecessor-version":[{"id":1499,"href":"https:\/\/www.fernetbranca.com\/de\/wp-json\/wp\/v2\/pages\/1259\/revisions\/1499"}],"wp:attachment":[{"href":"https:\/\/www.fernetbranca.com\/de\/wp-json\/wp\/v2\/media?parent=1259"}],"curies":[{"name":"wp","href":"https:\/\/api.w.org\/{rel}","templated":true}]}}