{"id":5384,"date":"2025-08-01T14:42:06","date_gmt":"2025-08-01T12:42:06","guid":{"rendered":"https:\/\/www.fernetbranca.com\/?page_id=5384"},"modified":"2025-08-01T14:42:06","modified_gmt":"2025-08-01T12:42:06","slug":"barrierefreiheitserklaerung","status":"publish","type":"page","link":"https:\/\/www.fernetbranca.com\/de\/barrierefreiheitserklaerung","title":{"rendered":"Barrierefreiheitserkl\u00e4rung"},"content":{"rendered":"<h2>Einf\u00fchrung<\/h2>\n<p>Fratelli Branca Distillerie S.p.A. verpflichtet sich, seine Website barrierefrei zu gestalten, in \u00dcbereinstimmung mit dem Gesetz vom 9. Januar 2004, Nr. 4. Diese Barrierefreiheitserkl\u00e4rung gilt f\u00fcr <a href=\"https:\/\/www.fernetbranca.com\/de\">https:\/\/www.fernetbranca.com\/<\/a>.<\/p>\n<h2>Konformit\u00e4tsstatus<\/h2>\n<h3>Konform<\/h3>\n<p>Diese Website ist vollst\u00e4ndig konform mit den in Anhang A der Norm UNI CEI EN 301549 vorgesehenen Anforderungen.<\/p>\n<p>Referenzstandard: WCAG 2.1<\/p>\n<p>Konformit\u00e4tsniveau: AA<\/p>\n<h2>Erstellung der Barrierefreiheitserkl\u00e4rung<\/h2>\n<p>Diese Erkl\u00e4rung wurde am 27\/06\/2025 erstellt.<\/p>\n<p>Die in der Erkl\u00e4rung enthaltenen Informationen m\u00fcssen aus einer der folgenden Analysen stammen:<\/p>\n<ul>\n<li>einer vom Anbieter durchgef\u00fchrten Selbstbewertung;<\/li>\n<li>einer von Dritten durchgef\u00fchrten Bewertung.<\/li>\n<\/ul>\n<p>Die Erkl\u00e4rung wurde zuletzt am 27\/06\/2025 \u00fcberpr\u00fcft.<\/p>\n<h2>Verfahren f\u00fcr die \u00dcbermittlung von Meldungen und Kontaktdaten des Anbieters<\/h2>\n<p>Meldungen bez\u00fcglich der Barrierefreiheit k\u00f6nnen an die unten angegebene E-Mail-Adresse gerichtet oder \u00fcber das auf dieser Seite vorhandene Kontaktformular \u00fcbermittelt werden.<\/p>\n<p><strong>Firmenname<\/strong>: Fratelli Branca Distillerie S.p.A.<\/p>\n<p><strong>Umsatzsteuer-ID<\/strong>: 00720670157<\/p>\n<p><strong>Rechtssitz<\/strong>: Via Broletto, 35 &#8211; 20121 Mailand (MI)<\/p>\n<p><strong>E-Mail<\/strong>: info@branca.it<\/p>\n\n<div class=\"wpcf7 no-js\" id=\"wpcf7-f5375-o1\" lang=\"it-IT\" dir=\"ltr\" data-wpcf7-id=\"5375\">\n<div class=\"screen-reader-response\"><p role=\"status\" aria-live=\"polite\" aria-atomic=\"true\"><\/p> <ul><\/ul><\/div>\n<form action=\"\/de\/wp-json\/wp\/v2\/pages\/5384#wpcf7-f5375-o1\" method=\"post\" class=\"wpcf7-form init\" aria-label=\"Modulo di contatto\" novalidate=\"novalidate\" data-status=\"init\">\n<fieldset class=\"hidden-fields-container\"><input type=\"hidden\" name=\"_wpcf7\" value=\"5375\" \/><input type=\"hidden\" name=\"_wpcf7_version\" value=\"6.1.5\" \/><input type=\"hidden\" name=\"_wpcf7_locale\" value=\"it_IT\" \/><input type=\"hidden\" name=\"_wpcf7_unit_tag\" value=\"wpcf7-f5375-o1\" \/><input type=\"hidden\" name=\"_wpcf7_container_post\" value=\"0\" \/><input type=\"hidden\" name=\"_wpcf7_posted_data_hash\" value=\"\" \/>\n<\/fieldset>\n<p><label> Nome e cognome<br \/>\n<span class=\"wpcf7-form-control-wrap\" data-name=\"your-name\"><input size=\"40\" maxlength=\"400\" class=\"wpcf7-form-control wpcf7-text wpcf7-validates-as-required\" autocomplete=\"name\" aria-required=\"true\" aria-invalid=\"false\" value=\"\" type=\"text\" name=\"your-name\" \/><\/span> <\/label>\n<\/p>\n<p><label> Indirizzo e-mail<br \/>\n<span class=\"wpcf7-form-control-wrap\" data-name=\"your-email\"><input size=\"40\" maxlength=\"400\" class=\"wpcf7-form-control wpcf7-email wpcf7-validates-as-required wpcf7-text wpcf7-validates-as-email\" autocomplete=\"email\" aria-required=\"true\" aria-invalid=\"false\" value=\"\" type=\"email\" name=\"your-email\" \/><\/span> <\/label>\n<\/p>\n<p><label> Segnalazione<br \/>\n<span class=\"wpcf7-form-control-wrap\" data-name=\"your-message\"><textarea cols=\"40\" rows=\"10\" maxlength=\"2000\" class=\"wpcf7-form-control wpcf7-textarea wpcf7-validates-as-required\" aria-required=\"true\" aria-invalid=\"false\" name=\"your-message\"><\/textarea><\/span> <\/label>\n<\/p>\n<p><span class=\"wpcf7-form-control-wrap\" data-name=\"privacy\"><span class=\"wpcf7-form-control wpcf7-acceptance\"><span class=\"wpcf7-list-item\"><label><input type=\"checkbox\" name=\"privacy\" value=\"1\" aria-invalid=\"false\" \/><span class=\"wpcf7-list-item-label\">Dichiaro di aver preso visione dell\u2019<a href=\"\/accessibilita\/privacy\" target=\"_blank\">informativa privacy<\/a><\/span><\/label><\/span><\/span><\/span>\n<\/p>\n<p><input class=\"wpcf7-form-control wpcf7-submit has-spinner\" type=\"submit\" value=\"Invia\" \/>\n<\/p><div class=\"wpcf7-response-output\" aria-hidden=\"true\"><\/div>\n<\/form>\n<\/div>\n\n<h2>Verfahren f\u00fcr die \u00dcbermittlung von Meldungen an die AgID<\/h2>\n<p>Im Falle einer unbefriedigenden Antwort oder fehlender Antwort innerhalb von drei\u00dfig Tagen auf die Benachrichtigung oder Anfrage kann der Betroffene eine Meldung \u00fcber folgenden Link einreichen: <a href=\"https:\/\/www.agid.gov.it\/it\">https:\/\/www.agid.gov.it\/it<\/a><\/p>\n<h2>Informationen zur Website<\/h2>\n<ol>\n<li>Ver\u00f6ffentlichungsdatum der Website: 27\/07\/2016<\/li>\n<li>Usability-Tests wurden durchgef\u00fchrt<\/li>\n<li>F\u00fcr die Website verwendetes CMS: WordPress<\/li>\n<\/ol>\n","protected":false},"excerpt":{"rendered":"<p>Einf\u00fchrung Fratelli Branca Distillerie S.p.A. verpflichtet sich, seine Website barrierefrei zu gestalten, in \u00dcbereinstimmung mit dem Gesetz vom 9. Januar 2004, Nr. 4. Diese Barrierefreiheitserkl\u00e4rung gilt f\u00fcr https:\/\/www.fernetbranca.com\/. Konformit\u00e4tsstatus Konform Diese Website ist vollst\u00e4ndig konform mit den in Anhang A der Norm UNI CEI EN 301549 vorgesehenen Anforderungen. Referenzstandard: WCAG 2.1 Konformit\u00e4tsniveau: AA Erstellung der [&hellip;]<\/p>\n","protected":false},"author":3,"featured_media":2745,"parent":0,"menu_order":0,"comment_status":"closed","ping_status":"closed","template":"","meta":{"_acf_changed":false,"inline_featured_image":false,"footnotes":""},"class_list":["post-5384","page","type-page","status-publish","has-post-thumbnail","hentry"],"acf":[],"_links":{"self":[{"href":"https:\/\/www.fernetbranca.com\/de\/wp-json\/wp\/v2\/pages\/5384","targetHints":{"allow":["GET"]}}],"collection":[{"href":"https:\/\/www.fernetbranca.com\/de\/wp-json\/wp\/v2\/pages"}],"about":[{"href":"https:\/\/www.fernetbranca.com\/de\/wp-json\/wp\/v2\/types\/page"}],"author":[{"embeddable":true,"href":"https:\/\/www.fernetbranca.com\/de\/wp-json\/wp\/v2\/users\/3"}],"replies":[{"embeddable":true,"href":"https:\/\/www.fernetbranca.com\/de\/wp-json\/wp\/v2\/comments?post=5384"}],"version-history":[{"count":1,"href":"https:\/\/www.fernetbranca.com\/de\/wp-json\/wp\/v2\/pages\/5384\/revisions"}],"predecessor-version":[{"id":5385,"href":"https:\/\/www.fernetbranca.com\/de\/wp-json\/wp\/v2\/pages\/5384\/revisions\/5385"}],"wp:featuredmedia":[{"embeddable":true,"href":"https:\/\/www.fernetbranca.com\/de\/wp-json\/wp\/v2\/media\/2745"}],"wp:attachment":[{"href":"https:\/\/www.fernetbranca.com\/de\/wp-json\/wp\/v2\/media?parent=5384"}],"curies":[{"name":"wp","href":"https:\/\/api.w.org\/{rel}","templated":true}]}}