{"id":5386,"date":"2025-08-01T14:43:05","date_gmt":"2025-08-01T12:43:05","guid":{"rendered":"https:\/\/www.fernetbranca.com\/?page_id=5386"},"modified":"2025-08-01T14:43:05","modified_gmt":"2025-08-01T12:43:05","slug":"declaracion-de-accesibilidad","status":"publish","type":"page","link":"https:\/\/www.fernetbranca.com\/es\/declaracion-de-accesibilidad","title":{"rendered":"Declaraci\u00f3n de Accesibilidad"},"content":{"rendered":"<h2>Introducci\u00f3n<\/h2>\n<p>Fratelli Branca Distillerie S.p.A. se compromete a hacer que su sitio web sea accesible, de conformidad con la ley del 9 de enero de 2004, n. 4. La presente declaraci\u00f3n de accesibilidad se aplica a <a href=\"https:\/\/www.fernetbranca.com\/es\">https:\/\/www.fernetbranca.com\/<\/a>.<\/p>\n<h2>Estado de conformidad<\/h2>\n<h3>Conforme<\/h3>\n<p>Este sitio web es plenamente conforme a los requisitos previstos en el ap\u00e9ndice A de la norma UNI CEI EN 301549.<\/p>\n<p>Est\u00e1ndar de referencia: WCAG 2.1<\/p>\n<p>Nivel de conformidad: AA<\/p>\n<h2>Redacci\u00f3n de la declaraci\u00f3n de accesibilidad<\/h2>\n<p>La presente declaraci\u00f3n fue redactada el 27\/06\/2025.<\/p>\n<p>La informaci\u00f3n presente en la declaraci\u00f3n debe obtenerse de uno de los siguientes an\u00e1lisis:<\/p>\n<ul>\n<li>una autoevaluaci\u00f3n efectuada por el sujeto prestador;<\/li>\n<li>una evaluaci\u00f3n efectuada por terceros.<\/li>\n<\/ul>\n<p>La declaraci\u00f3n fue revisada por \u00faltima vez el 27\/06\/2025.<\/p>\n<h2>Modalidad de env\u00edo de las se\u00f1alizaciones y contactos del sujeto prestador<\/h2>\n<p>Las se\u00f1alizaciones relativas a la accesibilidad pueden ser indicadas en la direcci\u00f3n de correo electr\u00f3nico que se reporta a continuaci\u00f3n o completando el formulario de contacto presente en esta p\u00e1gina.<\/p>\n<p><strong>Raz\u00f3n social<\/strong>: Fratelli Branca Distillerie S.p.A.<\/p>\n<p><strong>Partida IVA<\/strong>: 00720670157<\/p>\n<p><strong>Sede legal<\/strong>: Via Broletto, 35 &#8211; 20121 Milano (MI)<\/p>\n<p><strong>Correo electr\u00f3nico<\/strong>: info@branca.it<\/p>\n\n<div class=\"wpcf7 no-js\" id=\"wpcf7-f5375-o1\" lang=\"it-IT\" dir=\"ltr\" data-wpcf7-id=\"5375\">\n<div class=\"screen-reader-response\"><p role=\"status\" aria-live=\"polite\" aria-atomic=\"true\"><\/p> <ul><\/ul><\/div>\n<form action=\"\/es\/wp-json\/wp\/v2\/pages\/5386#wpcf7-f5375-o1\" method=\"post\" class=\"wpcf7-form init\" aria-label=\"Modulo di contatto\" novalidate=\"novalidate\" data-status=\"init\">\n<fieldset class=\"hidden-fields-container\"><input type=\"hidden\" name=\"_wpcf7\" value=\"5375\" \/><input type=\"hidden\" name=\"_wpcf7_version\" value=\"6.1.5\" \/><input type=\"hidden\" name=\"_wpcf7_locale\" value=\"it_IT\" \/><input type=\"hidden\" name=\"_wpcf7_unit_tag\" value=\"wpcf7-f5375-o1\" \/><input type=\"hidden\" name=\"_wpcf7_container_post\" value=\"0\" \/><input type=\"hidden\" name=\"_wpcf7_posted_data_hash\" value=\"\" \/>\n<\/fieldset>\n<p><label> Nome e cognome<br \/>\n<span class=\"wpcf7-form-control-wrap\" data-name=\"your-name\"><input size=\"40\" maxlength=\"400\" class=\"wpcf7-form-control wpcf7-text wpcf7-validates-as-required\" autocomplete=\"name\" aria-required=\"true\" aria-invalid=\"false\" value=\"\" type=\"text\" name=\"your-name\" \/><\/span> <\/label>\n<\/p>\n<p><label> Indirizzo e-mail<br \/>\n<span class=\"wpcf7-form-control-wrap\" data-name=\"your-email\"><input size=\"40\" maxlength=\"400\" class=\"wpcf7-form-control wpcf7-email wpcf7-validates-as-required wpcf7-text wpcf7-validates-as-email\" autocomplete=\"email\" aria-required=\"true\" aria-invalid=\"false\" value=\"\" type=\"email\" name=\"your-email\" \/><\/span> <\/label>\n<\/p>\n<p><label> Segnalazione<br \/>\n<span class=\"wpcf7-form-control-wrap\" data-name=\"your-message\"><textarea cols=\"40\" rows=\"10\" maxlength=\"2000\" class=\"wpcf7-form-control wpcf7-textarea wpcf7-validates-as-required\" aria-required=\"true\" aria-invalid=\"false\" name=\"your-message\"><\/textarea><\/span> <\/label>\n<\/p>\n<p><span class=\"wpcf7-form-control-wrap\" data-name=\"privacy\"><span class=\"wpcf7-form-control wpcf7-acceptance\"><span class=\"wpcf7-list-item\"><label><input type=\"checkbox\" name=\"privacy\" value=\"1\" aria-invalid=\"false\" \/><span class=\"wpcf7-list-item-label\">Dichiaro di aver preso visione dell\u2019<a href=\"\/accessibilita\/privacy\" target=\"_blank\">informativa privacy<\/a><\/span><\/label><\/span><\/span><\/span>\n<\/p>\n<p><input class=\"wpcf7-form-control wpcf7-submit has-spinner\" type=\"submit\" value=\"Invia\" \/>\n<\/p><div class=\"wpcf7-response-output\" aria-hidden=\"true\"><\/div>\n<\/form>\n<\/div>\n\n<h2>Modalidad de env\u00edo de las se\u00f1alizaciones a AgID<\/h2>\n<p>En caso de respuesta insatisfactoria o de falta de respuesta, en el plazo de treinta d\u00edas, a la notificaci\u00f3n o a la solicitud, el interesado puede enviar una se\u00f1alizaci\u00f3n utilizando el siguiente enlace: <a href=\"https:\/\/www.agid.gov.it\/it\">https:\/\/www.agid.gov.it\/it<\/a><\/p>\n<h2>Informaci\u00f3n sobre el sitio<\/h2>\n<ol>\n<li>Fecha de publicaci\u00f3n del sitio web: 27\/07\/2016<\/li>\n<li>Se han efectuado las pruebas de usabilidad<\/li>\n<li>CMS utilizado para el sitio web: WordPress<\/li>\n<\/ol>\n","protected":false},"excerpt":{"rendered":"<p>Introducci\u00f3n Fratelli Branca Distillerie S.p.A. se compromete a hacer que su sitio web sea accesible, de conformidad con la ley del 9 de enero de 2004, n. 4. La presente declaraci\u00f3n de accesibilidad se aplica a https:\/\/www.fernetbranca.com\/. Estado de conformidad Conforme Este sitio web es plenamente conforme a los requisitos previstos en el ap\u00e9ndice A [&hellip;]<\/p>\n","protected":false},"author":3,"featured_media":4037,"parent":0,"menu_order":0,"comment_status":"closed","ping_status":"closed","template":"","meta":{"_acf_changed":false,"inline_featured_image":false,"footnotes":""},"class_list":["post-5386","page","type-page","status-publish","has-post-thumbnail","hentry"],"acf":[],"_links":{"self":[{"href":"https:\/\/www.fernetbranca.com\/es\/wp-json\/wp\/v2\/pages\/5386","targetHints":{"allow":["GET"]}}],"collection":[{"href":"https:\/\/www.fernetbranca.com\/es\/wp-json\/wp\/v2\/pages"}],"about":[{"href":"https:\/\/www.fernetbranca.com\/es\/wp-json\/wp\/v2\/types\/page"}],"author":[{"embeddable":true,"href":"https:\/\/www.fernetbranca.com\/es\/wp-json\/wp\/v2\/users\/3"}],"replies":[{"embeddable":true,"href":"https:\/\/www.fernetbranca.com\/es\/wp-json\/wp\/v2\/comments?post=5386"}],"version-history":[{"count":1,"href":"https:\/\/www.fernetbranca.com\/es\/wp-json\/wp\/v2\/pages\/5386\/revisions"}],"predecessor-version":[{"id":5387,"href":"https:\/\/www.fernetbranca.com\/es\/wp-json\/wp\/v2\/pages\/5386\/revisions\/5387"}],"wp:featuredmedia":[{"embeddable":true,"href":"https:\/\/www.fernetbranca.com\/es\/wp-json\/wp\/v2\/media\/4037"}],"wp:attachment":[{"href":"https:\/\/www.fernetbranca.com\/es\/wp-json\/wp\/v2\/media?parent=5386"}],"curies":[{"name":"wp","href":"https:\/\/api.w.org\/{rel}","templated":true}]}}