{"id":1329,"date":"2017-10-27T17:38:33","date_gmt":"2017-10-27T15:38:33","guid":{"rendered":"https:\/\/www.fernetbranca.com\/?page_id=1329"},"modified":"2023-04-27T17:06:01","modified_gmt":"2023-04-27T15:06:01","slug":"iris","status":"publish","type":"page","link":"https:\/\/www.fernetbranca.com\/fr\/le-pouvoir-des-herbes\/iris","title":{"rendered":"Iris"},"content":{"rendered":"<p>La recette de Fernet-Branca est un voyage sp\u00e9cial au milieu des 27 herbes, racines et \u00e9pices de sa formule sp\u00e9ciale et secr\u00e8te et inimitable<\/p>\n","protected":false},"excerpt":{"rendered":"<p>La recette de Fernet-Branca est un voyage sp\u00e9cial au milieu des 27 herbes, racines et \u00e9pices de sa formule sp\u00e9ciale et secr\u00e8te et inimitable<\/p>\n","protected":false},"author":1,"featured_media":1292,"parent":982,"menu_order":0,"comment_status":"closed","ping_status":"closed","template":"page-templates\/herbs_game.php","meta":{"_acf_changed":false,"inline_featured_image":false,"footnotes":""},"class_list":["post-1329","page","type-page","status-publish","has-post-thumbnail","hentry"],"acf":[],"_links":{"self":[{"href":"https:\/\/www.fernetbranca.com\/fr\/wp-json\/wp\/v2\/pages\/1329","targetHints":{"allow":["GET"]}}],"collection":[{"href":"https:\/\/www.fernetbranca.com\/fr\/wp-json\/wp\/v2\/pages"}],"about":[{"href":"https:\/\/www.fernetbranca.com\/fr\/wp-json\/wp\/v2\/types\/page"}],"author":[{"embeddable":true,"href":"https:\/\/www.fernetbranca.com\/fr\/wp-json\/wp\/v2\/users\/1"}],"replies":[{"embeddable":true,"href":"https:\/\/www.fernetbranca.com\/fr\/wp-json\/wp\/v2\/comments?post=1329"}],"version-history":[{"count":1,"href":"https:\/\/www.fernetbranca.com\/fr\/wp-json\/wp\/v2\/pages\/1329\/revisions"}],"predecessor-version":[{"id":1341,"href":"https:\/\/www.fernetbranca.com\/fr\/wp-json\/wp\/v2\/pages\/1329\/revisions\/1341"}],"up":[{"embeddable":true,"href":"https:\/\/www.fernetbranca.com\/fr\/wp-json\/wp\/v2\/pages\/982"}],"wp:featuredmedia":[{"embeddable":true,"href":"https:\/\/www.fernetbranca.com\/fr\/wp-json\/wp\/v2\/media\/1292"}],"wp:attachment":[{"href":"https:\/\/www.fernetbranca.com\/fr\/wp-json\/wp\/v2\/media?parent=1329"}],"curies":[{"name":"wp","href":"https:\/\/api.w.org\/{rel}","templated":true}]}}