{"id":5382,"date":"2025-08-01T14:41:16","date_gmt":"2025-08-01T12:41:16","guid":{"rendered":"https:\/\/www.fernetbranca.com\/?page_id=5382"},"modified":"2025-08-01T14:41:16","modified_gmt":"2025-08-01T12:41:16","slug":"declaration-daccessibilite","status":"publish","type":"page","link":"https:\/\/www.fernetbranca.com\/fr\/declaration-daccessibilite","title":{"rendered":"D\u00e9claration d&rsquo;Accessibilit\u00e9"},"content":{"rendered":"<h2>Introduction<\/h2>\n<p>Fratelli Branca Distillerie S.p.A. s&rsquo;engage \u00e0 rendre son site web accessible, conform\u00e9ment \u00e0 la loi du 9 janvier 2004, n\u00b0 4. La pr\u00e9sente d\u00e9claration d&rsquo;accessibilit\u00e9 s&rsquo;applique \u00e0 <a href=\"https:\/\/www.fernetbranca.com\/fr\">https:\/\/www.fernetbranca.com\/<\/a>.<\/p>\n<h2>\u00c9tat de conformit\u00e9<\/h2>\n<h3>Conforme<\/h3>\n<p>Ce site web est pleinement conforme aux exigences pr\u00e9vues par l&rsquo;annexe A de la norme UNI CEI EN 301549.<\/p>\n<p>Standard de r\u00e9f\u00e9rence : WCAG 2.1<\/p>\n<p>Niveau de conformit\u00e9 : AA<\/p>\n<h2>R\u00e9daction de la d\u00e9claration d&rsquo;accessibilit\u00e9<\/h2>\n<p>La pr\u00e9sente d\u00e9claration a \u00e9t\u00e9 r\u00e9dig\u00e9e le 27\/06\/2025.<\/p>\n<p>Les informations pr\u00e9sentes dans la d\u00e9claration doivent \u00eatre tir\u00e9es de l&rsquo;une des analyses suivantes :<\/p>\n<ul>\n<li>une auto-\u00e9valuation effectu\u00e9e par l&rsquo;organisme fournisseur ;<\/li>\n<li>une \u00e9valuation effectu\u00e9e par des tiers.<\/li>\n<\/ul>\n<p>La d\u00e9claration a \u00e9t\u00e9 r\u00e9examin\u00e9e pour la derni\u00e8re fois le 27\/06\/2025.<\/p>\n<h2>Modalit\u00e9s d&rsquo;envoi des signalements et coordonn\u00e9es de l&rsquo;organisme fournisseur<\/h2>\n<p>Les signalements concernant l&rsquo;accessibilit\u00e9 peuvent \u00eatre indiqu\u00e9s \u00e0 l&rsquo;adresse e-mail ci-dessous ou en remplissant le formulaire de contact pr\u00e9sent sur cette page.<\/p>\n<p><strong>Raison sociale<\/strong> : Fratelli Branca Distillerie S.p.A.<\/p>\n<p><strong>Num\u00e9ro de TVA<\/strong> : 00720670157<\/p>\n<p><strong>Si\u00e8ge social<\/strong> : Via Broletto, 35 &#8211; 20121 Milano (MI)<\/p>\n<p><strong>E-mail<\/strong> : info@branca.it<\/p>\n\n<div class=\"wpcf7 no-js\" id=\"wpcf7-f5375-o1\" lang=\"it-IT\" dir=\"ltr\" data-wpcf7-id=\"5375\">\n<div class=\"screen-reader-response\"><p role=\"status\" aria-live=\"polite\" aria-atomic=\"true\"><\/p> <ul><\/ul><\/div>\n<form action=\"\/fr\/wp-json\/wp\/v2\/pages\/5382#wpcf7-f5375-o1\" method=\"post\" class=\"wpcf7-form init\" aria-label=\"Modulo di contatto\" novalidate=\"novalidate\" data-status=\"init\">\n<fieldset class=\"hidden-fields-container\"><input type=\"hidden\" name=\"_wpcf7\" value=\"5375\" \/><input type=\"hidden\" name=\"_wpcf7_version\" value=\"6.1.5\" \/><input type=\"hidden\" name=\"_wpcf7_locale\" value=\"it_IT\" \/><input type=\"hidden\" name=\"_wpcf7_unit_tag\" value=\"wpcf7-f5375-o1\" \/><input type=\"hidden\" name=\"_wpcf7_container_post\" value=\"0\" \/><input type=\"hidden\" name=\"_wpcf7_posted_data_hash\" value=\"\" \/>\n<\/fieldset>\n<p><label> Nome e cognome<br \/>\n<span class=\"wpcf7-form-control-wrap\" data-name=\"your-name\"><input size=\"40\" maxlength=\"400\" class=\"wpcf7-form-control wpcf7-text wpcf7-validates-as-required\" autocomplete=\"name\" aria-required=\"true\" aria-invalid=\"false\" value=\"\" type=\"text\" name=\"your-name\" \/><\/span> <\/label>\n<\/p>\n<p><label> Indirizzo e-mail<br \/>\n<span class=\"wpcf7-form-control-wrap\" data-name=\"your-email\"><input size=\"40\" maxlength=\"400\" class=\"wpcf7-form-control wpcf7-email wpcf7-validates-as-required wpcf7-text wpcf7-validates-as-email\" autocomplete=\"email\" aria-required=\"true\" aria-invalid=\"false\" value=\"\" type=\"email\" name=\"your-email\" \/><\/span> <\/label>\n<\/p>\n<p><label> Segnalazione<br \/>\n<span class=\"wpcf7-form-control-wrap\" data-name=\"your-message\"><textarea cols=\"40\" rows=\"10\" maxlength=\"2000\" class=\"wpcf7-form-control wpcf7-textarea wpcf7-validates-as-required\" aria-required=\"true\" aria-invalid=\"false\" name=\"your-message\"><\/textarea><\/span> <\/label>\n<\/p>\n<p><span class=\"wpcf7-form-control-wrap\" data-name=\"privacy\"><span class=\"wpcf7-form-control wpcf7-acceptance\"><span class=\"wpcf7-list-item\"><label><input type=\"checkbox\" name=\"privacy\" value=\"1\" aria-invalid=\"false\" \/><span class=\"wpcf7-list-item-label\">Dichiaro di aver preso visione dell\u2019<a href=\"\/accessibilita\/privacy\" target=\"_blank\">informativa privacy<\/a><\/span><\/label><\/span><\/span><\/span>\n<\/p>\n<p><input class=\"wpcf7-form-control wpcf7-submit has-spinner\" type=\"submit\" value=\"Invia\" \/>\n<\/p><div class=\"wpcf7-response-output\" aria-hidden=\"true\"><\/div>\n<\/form>\n<\/div>\n\n<h2>Modalit\u00e9s d&rsquo;envoi des signalements \u00e0 l&rsquo;AgID<\/h2>\n<p>En cas de r\u00e9ponse insatisfaisante ou d&rsquo;absence de r\u00e9ponse, dans un d\u00e9lai de trente jours, \u00e0 la notification ou \u00e0 la demande, l&rsquo;int\u00e9ress\u00e9 peut envoyer un signalement en utilisant le lien suivant : <a href=\"https:\/\/www.agid.gov.it\/it\">https:\/\/www.agid.gov.it\/it<\/a><\/p>\n<h2>Informations sur le site<\/h2>\n<ol>\n<li>Date de publication du site web : 27\/07\/2016<\/li>\n<li>Des tests d&rsquo;utilisabilit\u00e9 ont \u00e9t\u00e9 effectu\u00e9s<\/li>\n<li>CMS utilis\u00e9 pour le site web : WordPress<\/li>\n<\/ol>\n","protected":false},"excerpt":{"rendered":"<p>Introduction Fratelli Branca Distillerie S.p.A. s&rsquo;engage \u00e0 rendre son site web accessible, conform\u00e9ment \u00e0 la loi du 9 janvier 2004, n\u00b0 4. La pr\u00e9sente d\u00e9claration d&rsquo;accessibilit\u00e9 s&rsquo;applique \u00e0 https:\/\/www.fernetbranca.com\/. \u00c9tat de conformit\u00e9 Conforme Ce site web est pleinement conforme aux exigences pr\u00e9vues par l&rsquo;annexe A de la norme UNI CEI EN 301549. Standard de r\u00e9f\u00e9rence [&hellip;]<\/p>\n","protected":false},"author":3,"featured_media":4036,"parent":0,"menu_order":0,"comment_status":"closed","ping_status":"closed","template":"","meta":{"_acf_changed":false,"inline_featured_image":false,"footnotes":""},"class_list":["post-5382","page","type-page","status-publish","has-post-thumbnail","hentry"],"acf":[],"_links":{"self":[{"href":"https:\/\/www.fernetbranca.com\/fr\/wp-json\/wp\/v2\/pages\/5382","targetHints":{"allow":["GET"]}}],"collection":[{"href":"https:\/\/www.fernetbranca.com\/fr\/wp-json\/wp\/v2\/pages"}],"about":[{"href":"https:\/\/www.fernetbranca.com\/fr\/wp-json\/wp\/v2\/types\/page"}],"author":[{"embeddable":true,"href":"https:\/\/www.fernetbranca.com\/fr\/wp-json\/wp\/v2\/users\/3"}],"replies":[{"embeddable":true,"href":"https:\/\/www.fernetbranca.com\/fr\/wp-json\/wp\/v2\/comments?post=5382"}],"version-history":[{"count":1,"href":"https:\/\/www.fernetbranca.com\/fr\/wp-json\/wp\/v2\/pages\/5382\/revisions"}],"predecessor-version":[{"id":5383,"href":"https:\/\/www.fernetbranca.com\/fr\/wp-json\/wp\/v2\/pages\/5382\/revisions\/5383"}],"wp:featuredmedia":[{"embeddable":true,"href":"https:\/\/www.fernetbranca.com\/fr\/wp-json\/wp\/v2\/media\/4036"}],"wp:attachment":[{"href":"https:\/\/www.fernetbranca.com\/fr\/wp-json\/wp\/v2\/media?parent=5382"}],"curies":[{"name":"wp","href":"https:\/\/api.w.org\/{rel}","templated":true}]}}